{"id":2287,"date":"2024-07-16T00:11:06","date_gmt":"2024-07-15T22:11:06","guid":{"rendered":"https:\/\/vag-lorraine.fr\/?page_id=2287"},"modified":"2024-07-16T00:32:25","modified_gmt":"2024-07-15T22:32:25","slug":"mentions-legales","status":"publish","type":"page","link":"https:\/\/vag-lorraine.fr\/index.php\/mentions-legales\/","title":{"rendered":"Mentions L\u00e9gales"},"content":{"rendered":"\n<div class=\"wp-block-columns has-black-color has-ti-bg-alt-background-color has-text-color has-background has-link-color wp-elements-be37fb952b116588b409e078b0c9577b is-layout-flex wp-container-core-columns-is-layout-28f84493 wp-block-columns-is-layout-flex\">\n<div class=\"wp-block-column has-black-color has-text-color has-link-color wp-elements-f0f9b9402870a8f07899086d72e0ec32 is-layout-flow wp-container-core-column-is-layout-222c4160 wp-block-column-is-layout-flow\" style=\"padding-top:var(--wp--preset--spacing--50);padding-right:var(--wp--preset--spacing--30);padding-bottom:var(--wp--preset--spacing--50);padding-left:var(--wp--preset--spacing--30)\">\n<p><strong>\u00c9diteur du site :<\/strong><\/p>\n\n\n\n<p>Le site internet <a href=\"http:\/\/www.vag-lorraine.fr\">www.vag-lorraine.fr<\/a> est \u00e9dit\u00e9 par VAG Lorraine, soci\u00e9t\u00e9 immatricul\u00e9e au Registre du Commerce sous le num\u00e9ro 909304750, dont le si\u00e8ge social est situ\u00e9 au 44 A Rue de la vieille verrerie, 57540 Petite-Rosselle.<\/p>\n\n\n\n<p>Directeur de la publication : M. Angelo Giannone<\/p>\n\n\n\n<p>Num\u00e9ro de t\u00e9l\u00e9phone : 06 65 23 02 73<\/p>\n\n\n\n<p>Adresse e-mail : <a>contact@vag-lorraine.fr<\/a><\/p>\n\n\n\n<p style=\"margin-top:var(--wp--preset--spacing--50)\"><strong>H\u00e9bergeur du site :<\/strong><\/p>\n\n\n\n<p>Le site est h\u00e9berg\u00e9 par HOSTINGER INTERNATIONAL LTD, dont le si\u00e8ge social est situ\u00e9 au 61 Lordou Vironos Street, 6023 Larnaca, Chypre. L&rsquo;h\u00e9bergeur est joignable via le lien suivant : <a href=\"https:\/\/www.hostinger.fr\/contact\">https:\/\/www.hostinger.fr\/contact<\/a>.<\/p>\n\n\n\n<p style=\"margin-top:var(--wp--preset--spacing--50)\"><strong>Propri\u00e9t\u00e9 intellectuelle :<\/strong><\/p>\n\n\n\n<p>Le contenu du site <a href=\"http:\/\/www.vag-lorraine.fr\">www.vag-lorraine.fr<\/a>, incluant mais non limit\u00e9 aux textes, images, vid\u00e9os, logos et tout autre \u00e9l\u00e9ment constitutif, est la propri\u00e9t\u00e9 exclusive de VAG Lorraine ou de ses partenaires et est prot\u00e9g\u00e9 par les lois fran\u00e7aises et internationales relatives \u00e0 la propri\u00e9t\u00e9 intellectuelle.<\/p>\n\n\n\n<p>Toute reproduction, repr\u00e9sentation, modification, publication, adaptation de tout ou partie des \u00e9l\u00e9ments du site, quel que soit le moyen ou le proc\u00e9d\u00e9 utilis\u00e9, est interdite sans l\u2019autorisation pr\u00e9alable \u00e9crite de VAG Lorraine.<\/p>\n\n\n\n<p style=\"margin-top:var(--wp--preset--spacing--50)\"><strong>Collecte et traitement des donn\u00e9es personnelles :<\/strong><\/p>\n\n\n\n<p>VAG Lorraine s\u2019engage \u00e0 respecter la confidentialit\u00e9 des donn\u00e9es personnelles des utilisateurs du site <a href=\"http:\/\/www.vag-lorraine.fr\">www.vag-lorraine.fr<\/a>. Les informations collect\u00e9es via les formulaires de contact ou tout autre moyen de communication ne sont utilis\u00e9es que dans le cadre de la relation commerciale avec le client et ne sont en aucun cas c\u00e9d\u00e9es ou vendues \u00e0 des tiers.<\/p>\n\n\n\n<p>Conform\u00e9ment \u00e0 la loi \u00ab Informatique et Libert\u00e9s \u00bb du 6 janvier 1978 modifi\u00e9e et au R\u00e8glement G\u00e9n\u00e9ral sur la Protection des Donn\u00e9es (RGPD), les utilisateurs disposent d\u2019un droit d\u2019acc\u00e8s, de rectification, de suppression et d\u2019opposition aux donn\u00e9es les concernant. Ils peuvent exercer ces droits en contactant VAG Lorraine par e-mail \u00e0 l\u2019adresse <a>contact@vag-lorraine.fr<\/a> ou par courrier postal \u00e0 l\u2019adresse du si\u00e8ge social.<\/p>\n\n\n\n<p style=\"margin-top:var(--wp--preset--spacing--50)\"><strong>Cookies :<\/strong><\/p>\n\n\n\n<p>Le site <a href=\"http:\/\/www.vag-lorraine.fr\">www.vag-lorraine.fr<\/a> utilise des cookies pour am\u00e9liorer l\u2019exp\u00e9rience de navigation des utilisateurs et analyser le trafic sur le site. Les cookies sont des fichiers texte stock\u00e9s sur l\u2019ordinateur de l\u2019utilisateur et ne permettent pas de l\u2019identifier personnellement. L\u2019utilisateur peut refuser l\u2019utilisation des cookies en param\u00e9trant son navigateur, mais cela peut limiter certaines fonctionnalit\u00e9s du site.<\/p>\n\n\n\n<p style=\"margin-top:var(--wp--preset--spacing--50)\"><strong>Droit applicable et juridiction comp\u00e9tente :<\/strong><\/p>\n\n\n\n<p>Tout litige relatif au site <a href=\"http:\/\/www.vag-lorraine.fr\">www.vag-lorraine.fr<\/a> est soumis au droit fran\u00e7ais. En cas de litige, les tribunaux comp\u00e9tents seront ceux du ressort du si\u00e8ge social de VAG Lorraine.<\/p>\n\n\n\n<p style=\"margin-top:var(--wp--preset--spacing--50)\"><strong>Modification des mentions l\u00e9gales :<\/strong><\/p>\n\n\n\n<p>VAG Lorraine se r\u00e9serve le droit de modifier \u00e0 tout moment les pr\u00e9sentes mentions l\u00e9gales. Les utilisateurs du site sont invit\u00e9s \u00e0 les consulter r\u00e9guli\u00e8rement afin de prendre connaissance des \u00e9ventuelles modifications.<\/p>\n<\/div>\n<\/div>\n","protected":false},"excerpt":{"rendered":"<p>\u00c9diteur du site : Le site internet www.vag-lorraine.fr est \u00e9dit\u00e9 par VAG Lorraine, soci\u00e9t\u00e9 immatricul\u00e9e au Registre du Commerce sous le num\u00e9ro 909304750, dont le si\u00e8ge social est situ\u00e9 au 44 A Rue de la vieille verrerie, 57540 Petite-Rosselle. Directeur de la publication : M. Angelo Giannone Num\u00e9ro de t\u00e9l\u00e9phone : 06 65 23 02 [&hellip;]<\/p>\n","protected":false},"author":1,"featured_media":0,"parent":0,"menu_order":0,"comment_status":"closed","ping_status":"closed","template":"","meta":{"_themeisle_gutenberg_block_has_review":false,"footnotes":""},"class_list":["post-2287","page","type-page","status-publish","hentry"],"yoast_head":"<!-- This site is optimized with the Yoast SEO plugin v27.6 - https:\/\/yoast.com\/product\/yoast-seo-wordpress\/ -->\n<title>Mentions L\u00e9gales - VAG LORRAINE<\/title>\n<meta name=\"robots\" content=\"index, follow, max-snippet:-1, max-image-preview:large, max-video-preview:-1\" \/>\n<link rel=\"canonical\" href=\"https:\/\/vag-lorraine.fr\/index.php\/mentions-legales\/\" \/>\n<meta property=\"og:locale\" content=\"fr_FR\" \/>\n<meta property=\"og:type\" content=\"article\" \/>\n<meta property=\"og:title\" content=\"Mentions L\u00e9gales - VAG LORRAINE\" \/>\n<meta property=\"og:description\" content=\"\u00c9diteur du site : Le site internet www.vag-lorraine.fr est \u00e9dit\u00e9 par VAG Lorraine, soci\u00e9t\u00e9 immatricul\u00e9e au Registre du Commerce sous le num\u00e9ro 909304750, dont le si\u00e8ge social est situ\u00e9 au 44 A Rue de la vieille verrerie, 57540 Petite-Rosselle. Directeur de la publication : M. Angelo Giannone Num\u00e9ro de t\u00e9l\u00e9phone : 06 65 23 02 [&hellip;]\" \/>\n<meta property=\"og:url\" content=\"https:\/\/vag-lorraine.fr\/index.php\/mentions-legales\/\" \/>\n<meta property=\"og:site_name\" content=\"VAG LORRAINE\" \/>\n<meta property=\"article:publisher\" content=\"https:\/\/www.facebook.com\/Vag57\/?locale=fr_FR\" \/>\n<meta property=\"article:modified_time\" content=\"2024-07-15T22:32:25+00:00\" \/>\n<meta property=\"og:image\" content=\"https:\/\/vag-lorraine.fr\/wp-content\/uploads\/2025\/01\/VAG-LOrraine-Header.webp\" \/>\n\t<meta property=\"og:image:width\" content=\"1280\" \/>\n\t<meta property=\"og:image:height\" content=\"720\" \/>\n\t<meta property=\"og:image:type\" content=\"image\/webp\" \/>\n<meta name=\"twitter:card\" content=\"summary_large_image\" \/>\n<meta name=\"twitter:label1\" content=\"Dur\u00e9e de lecture estim\u00e9e\" \/>\n\t<meta name=\"twitter:data1\" content=\"3 minutes\" \/>\n<script type=\"application\/ld+json\" class=\"yoast-schema-graph\">{\"@context\":\"https:\\\/\\\/schema.org\",\"@graph\":[{\"@type\":\"WebPage\",\"@id\":\"https:\\\/\\\/vag-lorraine.fr\\\/index.php\\\/mentions-legales\\\/\",\"url\":\"https:\\\/\\\/vag-lorraine.fr\\\/index.php\\\/mentions-legales\\\/\",\"name\":\"Mentions L\u00e9gales - VAG LORRAINE\",\"isPartOf\":{\"@id\":\"https:\\\/\\\/vag-lorraine.fr\\\/#website\"},\"datePublished\":\"2024-07-15T22:11:06+00:00\",\"dateModified\":\"2024-07-15T22:32:25+00:00\",\"breadcrumb\":{\"@id\":\"https:\\\/\\\/vag-lorraine.fr\\\/index.php\\\/mentions-legales\\\/#breadcrumb\"},\"inLanguage\":\"fr-FR\",\"potentialAction\":[{\"@type\":\"ReadAction\",\"target\":[\"https:\\\/\\\/vag-lorraine.fr\\\/index.php\\\/mentions-legales\\\/\"]}]},{\"@type\":\"BreadcrumbList\",\"@id\":\"https:\\\/\\\/vag-lorraine.fr\\\/index.php\\\/mentions-legales\\\/#breadcrumb\",\"itemListElement\":[{\"@type\":\"ListItem\",\"position\":1,\"name\":\"Accueil\",\"item\":\"https:\\\/\\\/vag-lorraine.fr\\\/\"},{\"@type\":\"ListItem\",\"position\":2,\"name\":\"Mentions L\u00e9gales\"}]},{\"@type\":\"WebSite\",\"@id\":\"https:\\\/\\\/vag-lorraine.fr\\\/#website\",\"url\":\"https:\\\/\\\/vag-lorraine.fr\\\/\",\"name\":\"VAG LORRAINE\",\"description\":\"Optimisez les options de votre voiture\",\"publisher\":{\"@id\":\"https:\\\/\\\/vag-lorraine.fr\\\/#organization\"},\"potentialAction\":[{\"@type\":\"SearchAction\",\"target\":{\"@type\":\"EntryPoint\",\"urlTemplate\":\"https:\\\/\\\/vag-lorraine.fr\\\/?s={search_term_string}\"},\"query-input\":{\"@type\":\"PropertyValueSpecification\",\"valueRequired\":true,\"valueName\":\"search_term_string\"}}],\"inLanguage\":\"fr-FR\"},{\"@type\":\"Organization\",\"@id\":\"https:\\\/\\\/vag-lorraine.fr\\\/#organization\",\"name\":\"VAG Lorraine\",\"url\":\"https:\\\/\\\/vag-lorraine.fr\\\/\",\"logo\":{\"@type\":\"ImageObject\",\"inLanguage\":\"fr-FR\",\"@id\":\"https:\\\/\\\/vag-lorraine.fr\\\/#\\\/schema\\\/logo\\\/image\\\/\",\"url\":\"https:\\\/\\\/vag-lorraine.fr\\\/wp-content\\\/uploads\\\/2025\\\/10\\\/bleu@2x-scaled.png\",\"contentUrl\":\"https:\\\/\\\/vag-lorraine.fr\\\/wp-content\\\/uploads\\\/2025\\\/10\\\/bleu@2x-scaled.png\",\"width\":2560,\"height\":854,\"caption\":\"VAG Lorraine\"},\"image\":{\"@id\":\"https:\\\/\\\/vag-lorraine.fr\\\/#\\\/schema\\\/logo\\\/image\\\/\"},\"sameAs\":[\"https:\\\/\\\/www.facebook.com\\\/Vag57\\\/?locale=fr_FR\"]}]}<\/script>\n<!-- \/ Yoast SEO plugin. -->","yoast_head_json":{"title":"Mentions L\u00e9gales - VAG LORRAINE","robots":{"index":"index","follow":"follow","max-snippet":"max-snippet:-1","max-image-preview":"max-image-preview:large","max-video-preview":"max-video-preview:-1"},"canonical":"https:\/\/vag-lorraine.fr\/index.php\/mentions-legales\/","og_locale":"fr_FR","og_type":"article","og_title":"Mentions L\u00e9gales - VAG LORRAINE","og_description":"\u00c9diteur du site : Le site internet www.vag-lorraine.fr est \u00e9dit\u00e9 par VAG Lorraine, soci\u00e9t\u00e9 immatricul\u00e9e au Registre du Commerce sous le num\u00e9ro 909304750, dont le si\u00e8ge social est situ\u00e9 au 44 A Rue de la vieille verrerie, 57540 Petite-Rosselle. Directeur de la publication : M. Angelo Giannone Num\u00e9ro de t\u00e9l\u00e9phone : 06 65 23 02 [&hellip;]","og_url":"https:\/\/vag-lorraine.fr\/index.php\/mentions-legales\/","og_site_name":"VAG LORRAINE","article_publisher":"https:\/\/www.facebook.com\/Vag57\/?locale=fr_FR","article_modified_time":"2024-07-15T22:32:25+00:00","og_image":[{"width":1280,"height":720,"url":"https:\/\/vag-lorraine.fr\/wp-content\/uploads\/2025\/01\/VAG-LOrraine-Header.webp","type":"image\/webp"}],"twitter_card":"summary_large_image","twitter_misc":{"Dur\u00e9e de lecture estim\u00e9e":"3 minutes"},"schema":{"@context":"https:\/\/schema.org","@graph":[{"@type":"WebPage","@id":"https:\/\/vag-lorraine.fr\/index.php\/mentions-legales\/","url":"https:\/\/vag-lorraine.fr\/index.php\/mentions-legales\/","name":"Mentions L\u00e9gales - VAG LORRAINE","isPartOf":{"@id":"https:\/\/vag-lorraine.fr\/#website"},"datePublished":"2024-07-15T22:11:06+00:00","dateModified":"2024-07-15T22:32:25+00:00","breadcrumb":{"@id":"https:\/\/vag-lorraine.fr\/index.php\/mentions-legales\/#breadcrumb"},"inLanguage":"fr-FR","potentialAction":[{"@type":"ReadAction","target":["https:\/\/vag-lorraine.fr\/index.php\/mentions-legales\/"]}]},{"@type":"BreadcrumbList","@id":"https:\/\/vag-lorraine.fr\/index.php\/mentions-legales\/#breadcrumb","itemListElement":[{"@type":"ListItem","position":1,"name":"Accueil","item":"https:\/\/vag-lorraine.fr\/"},{"@type":"ListItem","position":2,"name":"Mentions L\u00e9gales"}]},{"@type":"WebSite","@id":"https:\/\/vag-lorraine.fr\/#website","url":"https:\/\/vag-lorraine.fr\/","name":"VAG LORRAINE","description":"Optimisez les options de votre voiture","publisher":{"@id":"https:\/\/vag-lorraine.fr\/#organization"},"potentialAction":[{"@type":"SearchAction","target":{"@type":"EntryPoint","urlTemplate":"https:\/\/vag-lorraine.fr\/?s={search_term_string}"},"query-input":{"@type":"PropertyValueSpecification","valueRequired":true,"valueName":"search_term_string"}}],"inLanguage":"fr-FR"},{"@type":"Organization","@id":"https:\/\/vag-lorraine.fr\/#organization","name":"VAG Lorraine","url":"https:\/\/vag-lorraine.fr\/","logo":{"@type":"ImageObject","inLanguage":"fr-FR","@id":"https:\/\/vag-lorraine.fr\/#\/schema\/logo\/image\/","url":"https:\/\/vag-lorraine.fr\/wp-content\/uploads\/2025\/10\/bleu@2x-scaled.png","contentUrl":"https:\/\/vag-lorraine.fr\/wp-content\/uploads\/2025\/10\/bleu@2x-scaled.png","width":2560,"height":854,"caption":"VAG Lorraine"},"image":{"@id":"https:\/\/vag-lorraine.fr\/#\/schema\/logo\/image\/"},"sameAs":["https:\/\/www.facebook.com\/Vag57\/?locale=fr_FR"]}]}},"_links":{"self":[{"href":"https:\/\/vag-lorraine.fr\/index.php\/wp-json\/wp\/v2\/pages\/2287","targetHints":{"allow":["GET"]}}],"collection":[{"href":"https:\/\/vag-lorraine.fr\/index.php\/wp-json\/wp\/v2\/pages"}],"about":[{"href":"https:\/\/vag-lorraine.fr\/index.php\/wp-json\/wp\/v2\/types\/page"}],"author":[{"embeddable":true,"href":"https:\/\/vag-lorraine.fr\/index.php\/wp-json\/wp\/v2\/users\/1"}],"replies":[{"embeddable":true,"href":"https:\/\/vag-lorraine.fr\/index.php\/wp-json\/wp\/v2\/comments?post=2287"}],"version-history":[{"count":6,"href":"https:\/\/vag-lorraine.fr\/index.php\/wp-json\/wp\/v2\/pages\/2287\/revisions"}],"predecessor-version":[{"id":2305,"href":"https:\/\/vag-lorraine.fr\/index.php\/wp-json\/wp\/v2\/pages\/2287\/revisions\/2305"}],"wp:attachment":[{"href":"https:\/\/vag-lorraine.fr\/index.php\/wp-json\/wp\/v2\/media?parent=2287"}],"curies":[{"name":"wp","href":"https:\/\/api.w.org\/{rel}","templated":true}]}}